{"id":9,"date":"2025-09-09T12:09:03","date_gmt":"2025-09-09T10:09:03","guid":{"rendered":"https:\/\/www.energiter.fr\/reference-centrale-agrivoltaique-de-donzy-58\/les-acteurs-du-projet\/"},"modified":"2025-11-24T17:38:47","modified_gmt":"2025-11-24T16:38:47","slug":"le-projet","status":"publish","type":"page","link":"https:\/\/www.energiter.fr\/reference-centrale-agrivoltaique-de-donzy-58\/le-projet\/","title":{"rendered":"Le projet"},"content":{"rendered":"\n<div class=\"wp-block-uagb-container uagb-block-7b8fef2f alignfull uagb-is-root-container\"><div class=\"uagb-container-inner-blocks-wrap\">\n<div class=\"wp-block-uagb-info-box uagb-block-01f52f7e uagb-infobox__content-wrap  uagb-infobox-icon-above-title uagb-infobox-image-valign-top\" data-aos=\"fade\" data-aos-delay=\"350\" data-aos-duration=\"500\"><div class=\"uagb-ifb-content\"><div class=\"uagb-ifb-title-wrap\"><h1 class=\"uagb-ifb-title\">Le projet<\/h1><\/div><p class=\"uagb-ifb-desc\">Energiter est une entreprise fran\u00e7aise sp\u00e9cialis\u00e9e dans la production d\u2019\u00e9nergie solaire et \u00e9olienne.<br><br>La soci\u00e9t\u00e9 \u00e9tudie un projet solaire agrivolta\u00efque sur la commune de Donzy dans la Ni\u00e8vre.<\/p><\/div><\/div>\n<\/div><\/div>\n\n\n\n\n\n\n<div style=\"height:20px\" aria-hidden=\"true\" class=\"wp-block-spacer\"><\/div>\n\n\n\n<p>Le projet de Donzy se situe \u00e0 l&#8217;Ouest de la commune, sur des parcelles exploit\u00e9es par deux exploitants agricoles et accueillant deux \u00e9levage de bovins (vaches laiti\u00e8res et allaitantes). Un projet agrivolta\u00efque a pour vocation de produire de l&#8217;\u00e9lectricit\u00e9 bas carbone, tout en pr\u00e9servant une activit\u00e9 agricole significative et p\u00e9renne sur les parcelles, et d&#8217;apporter directement un ou plusieurs services aux parcelles et aux animaux : am\u00e9lioration du potentiel et de l&#8217;impact agronomiques, adaptation au changement climatique, protection contre les al\u00e9as, et am\u00e9lioration du bien-\u00eatre animal. C\u00f4t\u00e9 production d&#8217;\u00e9nergie, ce projet local permettra de produire l&#8217;\u00e9quivalent de la consommation \u00e9lectrique de pr\u00e8s de 2 700 fran\u00e7ais, soit 100 % de la commune de Donzy et 9 % de la communaut\u00e9 de communes C\u0153ur de Loire.<\/p>\n\n\n\n<div style=\"height:20px\" aria-hidden=\"true\" class=\"wp-block-spacer\"><\/div>\n\n\n\n<div class=\"wp-block-uagb-container uagb-block-a5836e4d alignfull uagb-is-root-container\"><div class=\"uagb-container-inner-blocks-wrap\">\n<div class=\"wp-block-uagb-container uagb-block-ba59b80f\"><div class=\"gb-container gb-container-24c0cfb3\">\n<div class=\"gb-container gb-container-ed0e6e37\">\n\n<h3 class=\"wp-block-heading\">Deux exploitations s&#8217;associent<\/h3>\n\n<\/div>\n\n<div class=\"gb-container gb-container-f7122144\">\n<div class=\"gb-container gb-container-00a488c2\">\n\n<div style=\"height:20px\" aria-hidden=\"true\" class=\"wp-block-spacer\"><\/div>\n\n\n<div class=\"gb-grid-wrapper gb-grid-wrapper-cdf97d67\">\n<div class=\"gb-grid-column gb-grid-column-95005818\"><div class=\"gb-container gb-container-95005818\">\n\n<p><img decoding=\"async\" class=\"wp-image-119\" style=\"width: 150px\" src=\"https:\/\/www.energiter.fr\/reference-centrale-agrivoltaique-de-mont-saint-jean\/wp-content\/uploads\/sites\/23\/2025\/08\/Picto-AgriPV-bovin-celadon.png\" alt=\"pictogramme bovin agrivolta\u00efsme\"><\/p>\n\n<\/div><\/div>\n\n<div class=\"gb-grid-column gb-grid-column-e603979c\"><div class=\"gb-container gb-container-e603979c\">\n\n<p><strong>La SCEA Veillat<\/strong>, engag\u00e9e dans une d\u00e9marche de conservation des sols, travaille en polyculture et \u00e9levage bovin de race Highland.<\/p>\n\n<\/div><\/div>\n<\/div>\n\n\n<div style=\"height:15px\" aria-hidden=\"true\" class=\"wp-block-spacer\"><\/div>\n\n\n<div class=\"gb-grid-wrapper gb-grid-wrapper-71a91ff6\">\n<div class=\"gb-grid-column gb-grid-column-93cd92ac\"><div class=\"gb-container gb-container-93cd92ac\">\n\n<p><img decoding=\"async\" class=\"wp-image-119\" style=\"width: 150px\" src=\"https:\/\/www.energiter.fr\/reference-centrale-agrivoltaique-de-mont-saint-jean\/wp-content\/uploads\/sites\/23\/2025\/08\/Picto-AgriPV-bovin-celadon.png\" alt=\"pictogramme bovin agrivolta\u00efsme\"><\/p>\n\n<\/div><\/div>\n\n<div class=\"gb-grid-column gb-grid-column-96632e6d\"><div class=\"gb-container gb-container-96632e6d\">\n\n<p><strong>La SCEA Langumier<\/strong> travaille en polyculture et \u00e9levage bovin, certifi\u00e9e agriculture biologique, sur la commune depuis 1998.<\/p>\n\n<\/div><\/div>\n<\/div>\n\n\n<div style=\"height:15px\" aria-hidden=\"true\" class=\"wp-block-spacer\"><\/div>\n\n\n\n<p>Ensemble, ils envisagent un projet agrivolta\u00efque qui associerait leurs activit\u00e9s d\u2019\u00e9levage \u00e0 la production d\u2019\u00e9lectricit\u00e9 renouvelable, gr\u00e2ce \u00e0 des panneaux photovolta\u00efques install\u00e9s sur une partie de leurs parcelles.<br>Cette diversification d\u2019activit\u00e9 leur permettrait de s\u00e9curiser leurs exploitations face aux nombreux al\u00e9as climatiques, conjoncturels, et d\u2019assurer le d\u00e9veloppement et la p\u00e9rennit\u00e9 de leur activit\u00e9.<\/p>\n\n<\/div>\n<\/div>\n<\/div><\/div>\n\n\n\n<div class=\"wp-block-uagb-container uagb-block-be7df07b\">\n<div class=\"wp-block-uagb-image aligncenter uagb-block-1b29b0af wp-block-uagb-image--layout-default wp-block-uagb-image--effect-zoomin wp-block-uagb-image--align-center\"><figure class=\"wp-block-uagb-image__figure\"><img decoding=\"async\" src=\"https:\/\/www.energiter.fr\/reference-centrale-agrivoltaique-de-donzy-58\/wp-content\/uploads\/sites\/24\/2025\/09\/Ombrie\u2560Cre-de\u2560ulevage-sans-fond-compressed-1024x731.jpg\" alt=\"ombri\u00e8re projet de centrale agrivolta\u00efque avec exploitation bovine pour projet de Donzy dans la Ni\u00e8vre\" class=\"uag-image-32\" width=\"600\" height=\"400\" title=\"Ombrie\u2560\u00c7re d'e\u2560\u00fclevage centrale agrivolta\u00efque de Donzy\" loading=\"lazy\" role=\"img\" \/><\/figure><\/div>\n<\/div>\n<\/div><\/div>\n\n\n\n<div style=\"height:30px\" aria-hidden=\"true\" class=\"wp-block-spacer\"><\/div>\n\n\n\n<div class=\"wp-block-uagb-container uagb-block-9c4303b3 alignfull uagb-is-root-container\"><div class=\"uagb-container-inner-blocks-wrap\">\n<div class=\"wp-block-uagb-container uagb-block-e8672428\">\n<div class=\"wp-block-uagb-image aligncenter uagb-block-c64f567a wp-block-uagb-image--layout-default wp-block-uagb-image--effect-zoomin wp-block-uagb-image--align-center\"><figure class=\"wp-block-uagb-image__figure\"><img decoding=\"async\" src=\"https:\/\/www.energiter.fr\/reference-centrale-agrivoltaique-de-donzy-58\/wp-content\/uploads\/sites\/24\/2025\/09\/carte-1024x487.png\" alt=\"carte localisation du projet de centrale agrivolta\u00efque de Donzy dans la Ni\u00e8vre (58)\" class=\"uag-image-44\" width=\"559\" height=\"400\" title=\"carte centrale agrivolta\u00efque de Donzy\" loading=\"lazy\" role=\"img\" \/><\/figure><\/div>\n<\/div>\n\n\n\n<div class=\"wp-block-uagb-container uagb-block-1c2583c9\"><div class=\"gb-container gb-container-5ee83e26\">\n\n<h2 class=\"wp-block-heading\">Les \u00e9tudes<\/h2>\n\n\n\n<p>Depuis 2023, Energiter coordonne des \u00e9tudes techniques, environnementales et \u00e9conomiques afin de dimensionner le projet agrivolta\u00efque.<\/p>\n\n\n\n<div style=\"height:20px\" aria-hidden=\"true\" class=\"wp-block-spacer\"><\/div>\n\n\n<div class=\"gb-grid-wrapper gb-grid-wrapper-55717f65\">\n<div class=\"gb-grid-column gb-grid-column-51645ee4\"><div class=\"gb-container gb-container-51645ee4\">\n\n<p><img loading=\"lazy\" decoding=\"async\" width=\"317\" height=\"100\" class=\"wp-image-45\" style=\"width: 150px\" src=\"https:\/\/www.energiter.fr\/reference-centrale-agrivoltaique-de-donzy-58\/wp-content\/uploads\/sites\/24\/2025\/09\/logo-CETIAC-baseline-100px.png\" alt=\"CETIAC, bureau d'\u00e9tudes bas\u00e9 \u00e0 Lyon (69) en charge de l'analyse du volet agricole du projet de centrale agrivolta\u00efque de Donzy\" srcset=\"https:\/\/www.energiter.fr\/reference-centrale-agrivoltaique-de-donzy-58\/wp-content\/uploads\/sites\/24\/2025\/09\/logo-CETIAC-baseline-100px.png 317w, https:\/\/www.energiter.fr\/reference-centrale-agrivoltaique-de-donzy-58\/wp-content\/uploads\/sites\/24\/2025\/09\/logo-CETIAC-baseline-100px-300x95.png 300w\" sizes=\"auto, (max-width: 317px) 100vw, 317px\" \/><\/p>\n\n\n\n<p><img loading=\"lazy\" decoding=\"async\" width=\"102\" height=\"116\" class=\"wp-image-46\" style=\"width: 102px\" src=\"https:\/\/www.energiter.fr\/reference-centrale-agrivoltaique-de-donzy-58\/wp-content\/uploads\/sites\/24\/2025\/09\/logo-CA.jpg\" alt=\"logo de la chambre d'agriculture de la Ni\u00e8vre en charge de l'analyse du volet agricole du projet de centrale agrivolta\u00efque de Donzy\"><\/p>\n\n<\/div><\/div>\n\n<div class=\"gb-grid-column gb-grid-column-a40476cb\"><div class=\"gb-container gb-container-a40476cb\">\n\n<h6 class=\"wp-block-heading\">\u00c9TUDE PR\u00c9ALABLE AGRICOLE<\/h6>\n\n\n\n<p>Le bureau d\u2019\u00e9tudes Cetiac, bas\u00e9 \u00e0 Lyon (69), est en charge de l\u2019analyse du volet agricole. La chambre d\u2019agriculture participe \u00e0 l\u2019analyse du volet agricole via une \u00e9tude technico \u00e9conomique.<\/p>\n\n<\/div><\/div>\n<\/div>\n\n\n<div style=\"height:20px\" aria-hidden=\"true\" class=\"wp-block-spacer\"><\/div>\n\n\n<div class=\"gb-grid-wrapper gb-grid-wrapper-fea32cee\">\n<div class=\"gb-grid-column gb-grid-column-f324a74b\"><div class=\"gb-container gb-container-f324a74b\">\n\n<p><img loading=\"lazy\" decoding=\"async\" width=\"1185\" height=\"545\" class=\"wp-image-49\" style=\"width: 150px\" src=\"https:\/\/www.energiter.fr\/reference-centrale-agrivoltaique-de-donzy-58\/wp-content\/uploads\/sites\/24\/2025\/09\/cropped-logo-nca-environnement.jpg\" alt=\"Logo bureau d'\u00e9tudes NCA Environnement, bas\u00e9 \u00e0 Neuville-de-Poitou, en charge de l'\u00e9tude des milieux naturels, du paysage et de l\u2019environnement humain pour le projet de centrale agrivolta\u00efque de Donzy\" srcset=\"https:\/\/www.energiter.fr\/reference-centrale-agrivoltaique-de-donzy-58\/wp-content\/uploads\/sites\/24\/2025\/09\/cropped-logo-nca-environnement.jpg 1185w, https:\/\/www.energiter.fr\/reference-centrale-agrivoltaique-de-donzy-58\/wp-content\/uploads\/sites\/24\/2025\/09\/cropped-logo-nca-environnement-300x138.jpg 300w, https:\/\/www.energiter.fr\/reference-centrale-agrivoltaique-de-donzy-58\/wp-content\/uploads\/sites\/24\/2025\/09\/cropped-logo-nca-environnement-1024x471.jpg 1024w, https:\/\/www.energiter.fr\/reference-centrale-agrivoltaique-de-donzy-58\/wp-content\/uploads\/sites\/24\/2025\/09\/cropped-logo-nca-environnement-768x353.jpg 768w\" sizes=\"auto, (max-width: 1185px) 100vw, 1185px\" \/><\/p>\n\n<\/div><\/div>\n\n<div class=\"gb-grid-column gb-grid-column-75bb454f\"><div class=\"gb-container gb-container-75bb454f\">\n\n<h6 class=\"wp-block-heading\">\u00c9TUDE NATURALISTE ET PAYSAG\u00c8RE<\/h6>\n\n\n\n<p>Le bureau d\u2019\u00e9tudes NCA Environnement, bas\u00e9 \u00e0 Neuville-de Poitou (86), est en charge de l\u2019\u00e9tude des milieux naturels, du paysage et de l\u2019environnement humain.<\/p>\n\n<\/div><\/div>\n<\/div>\n<\/div><\/div>\n<\/div><\/div>\n\n\n\n<div style=\"height:50px\" aria-hidden=\"true\" class=\"wp-block-spacer\"><\/div>\n\n\n<div class=\"gb-grid-wrapper gb-grid-wrapper-27d3511d\">\n<div class=\"gb-grid-column gb-grid-column-a70c33cb\"><div class=\"gb-container gb-container-a70c33cb\">\n<div class=\"gb-grid-wrapper gb-grid-wrapper-c392e31a\">\n<div data-aos-delay=\"500\" data-aos-duration=\"600\" data-aos-once=\"true\" data-aos=\"fade\" class=\"gb-grid-column gb-grid-column-267ba433\"><div class=\"gb-container gb-container-267ba433 shadow-hover\">\n\n<div class=\"wp-block-uagb-info-box uagb-block-5c15b5e4 uagb-infobox__content-wrap  uagb-infobox-icon-above-title uagb-infobox-image-valign-top\"><div class=\"uagb-ifb-content\"><div class=\"uagb-ifb-title-wrap\"><h2 class=\"uagb-ifb-title\">11,41 MW<\/h2><\/div><p class=\"uagb-ifb-desc\">Puissance install\u00e9e vis\u00e9e<\/p><\/div><\/div>\n\n<\/div><\/div>\n\n<div class=\"gb-grid-column gb-grid-column-146524ed\"><div class=\"gb-container gb-container-146524ed\">\n<div data-aos-delay=\"500\" data-aos-duration=\"600\" data-aos-once=\"true\" data-aos=\"fade\" class=\"gb-container gb-container-cf8afd0c shadow-invert-hover\">\n\n<div class=\"wp-block-uagb-info-box uagb-block-ee5f7a47 uagb-infobox__content-wrap  uagb-infobox-icon-above-title uagb-infobox-image-valign-top\"><div class=\"uagb-ifb-content\"><div class=\"uagb-ifb-title-wrap\"><h2 class=\"uagb-ifb-title\">2 300<\/h2><\/div><p class=\"uagb-ifb-desc\">M\u00e9nages aliment\u00e9s en \u00e9nergie<br>renouvelable (hors chauffage)<\/p><\/div><\/div>\n\n<\/div>\n<\/div><\/div>\n<\/div>\n<\/div><\/div>\n\n<div class=\"gb-grid-column gb-grid-column-fe262443\"><div class=\"gb-container gb-container-fe262443\">\n<div class=\"gb-container gb-container-4939605d\">\n<div data-aos-delay=\"500\" data-aos-duration=\"600\" data-aos-once=\"true\" data-aos=\"fade\" class=\"gb-container gb-container-e9040470 shadow-hover\">\n\n<div class=\"wp-block-uagb-info-box uagb-block-2873a155 uagb-infobox__content-wrap  uagb-infobox-icon-above-title uagb-infobox-image-valign-top\"><div class=\"uagb-ifb-content\"><div class=\"uagb-ifb-title-wrap\"><h2 class=\"uagb-ifb-title\">D\u00e9couvrir<br>nos solutions agrivolta\u00efques<\/h2><\/div><div class=\"uagb-ifb-button-wrapper wp-block-button\"><a href=\"https:\/\/www.energiter.fr\/agrivoltaique\/\" class=\"uagb-infobox-cta-link wp-block-button__link\" target=\"_blank\" rel=\"noopener noreferrer\"><span class=\"uagb-inline-editing\">D\u00e9couvrir<\/span><\/a><\/div><\/div><\/div>\n\n<\/div>\n<\/div>\n<\/div><\/div>\n<\/div>\n\n\n<div style=\"height:50px\" aria-hidden=\"true\" class=\"wp-block-spacer\"><\/div>\n\n\n\n<h3 class=\"wp-block-heading\"><strong>Un projet coh\u00e9rent et ancr\u00e9 dans son territoire<\/strong><\/h3>\n\n\n\n<p><img decoding=\"async\" class=\"wp-image-2633\" style=\"width: 100px\" src=\"https:\/\/www.energiter.fr\/wp-content\/uploads\/2023\/09\/valeurs-barre.png\" alt=\"\"><\/p>\n\n\n\n<div style=\"height:15px\" aria-hidden=\"true\" class=\"wp-block-spacer\"><\/div>\n\n\n\n<p>Le projet agrivolta\u00efque de Donzy s&#8217;int\u00e8gre dans une strat\u00e9gie \u00e9nerg\u00e9tique globale et locale. Il participera aussi activement \u00e0 la dynamique \u00e9conomique locale en g\u00e9n\u00e9rant de l&#8217;activit\u00e9 sur le territoire.<\/p>\n\n\n\n<div style=\"height:15px\" aria-hidden=\"true\" class=\"wp-block-spacer\"><\/div>\n\n\n\n<h5 class=\"wp-block-heading has-ast-global-color-0-color has-text-color has-link-color wp-elements-3c1df2a2e1a68cf20815ce096dcb581d\">Avec 11,41 MW install\u00e9s et une production estim\u00e9e de 12.5 GWh par an, cette centrale de la Ni\u00e8vre, participe \u00e0 :<\/h5>\n\n\n\n<div style=\"height:15px\" aria-hidden=\"true\" class=\"wp-block-spacer\"><\/div>\n\n\n\n<ul class=\"wp-block-list\">\n<li><strong>L&#8217;atteinte des objectifs du <a href=\"http:\/\/chrome-extension:\/\/efaidnbmnnnibpcajpcglclefindmkaj\/https:\/\/www.bourgognefranchecomte.fr\/sites\/default\/files\/2023-01\/Plaquette_synthese_SRADDET_Web.pdf\" target=\"_blank\" rel=\"noreferrer noopener\">Sch\u00e9ma R\u00e9gional d\u2019Am\u00e9nagement, de D\u00e9veloppement Durable et d\u2019Egalit\u00e9 des Territoires (SRADDET) de Bourgogne Franche-Comt\u00e9<\/a>. Celui-ci pr\u00e9voit de multiplier par 6 la production photovolta\u00efque entre 2021 et 2030 ce qui signifie une production de 4 600 GWh \u00e0 l\u2019horizon 2030. En septembre 2024, 827 GWh ont d\u00e9j\u00e0 \u00e9t\u00e9 produits.<\/strong><\/li>\n\n\n\n<li><strong>Son objectif <a href=\"https:\/\/www.bourgognefranchecomte.fr\/une-region-energie-positive\" target=\"_blank\" rel=\"noreferrer noopener\">&#8220;r\u00e9gion \u00e0 \u00e9nergie positive&#8221; pour 2050<\/a>, qui implique, outre des actions de r\u00e9duction de consommation d\u2019\u00e9nergie, une augmentation du taux de couverture de la consommation \u00e9nerg\u00e9tique en \u00e9nergie renouvelable locale.<\/strong><\/li>\n<\/ul>\n","protected":false},"excerpt":{"rendered":"<p>Le projet de Donzy se situe \u00e0 l&#8217;Ouest de la commune, sur des parcelles exploit\u00e9es par deux exploitants agricoles et accueillant deux \u00e9levage de bovins (vaches laiti\u00e8res et allaitantes). Un projet agrivolta\u00efque a pour vocation de produire de l&#8217;\u00e9lectricit\u00e9 bas carbone, tout en pr\u00e9servant une activit\u00e9 agricole significative et p\u00e9renne sur les parcelles, et d&#8217;apporter [&hellip;]<\/p>\n","protected":false},"author":4,"featured_media":3197,"parent":0,"menu_order":0,"comment_status":"closed","ping_status":"closed","template":"","meta":{"_uag_custom_page_level_css":"","site-sidebar-layout":"default","site-content-layout":"","ast-site-content-layout":"default","site-content-style":"default","site-sidebar-style":"default","ast-global-header-display":"","ast-banner-title-visibility":"","ast-main-header-display":"","ast-hfb-above-header-display":"","ast-hfb-below-header-display":"","ast-hfb-mobile-header-display":"","site-post-title":"disabled","ast-breadcrumbs-content":"","ast-featured-img":"","footer-sml-layout":"","theme-transparent-header-meta":"","adv-header-id-meta":"","stick-header-meta":"","header-above-stick-meta":"","header-main-stick-meta":"","header-below-stick-meta":"","astra-migrate-meta-layouts":"set","ast-page-background-enabled":"default","ast-page-background-meta":{"desktop":{"background-color":"var(--ast-global-color-4)","background-image":"","background-repeat":"repeat","background-position":"center center","background-size":"auto","background-attachment":"scroll","background-type":"","background-media":"","overlay-type":"","overlay-color":"","overlay-gradient":""},"tablet":{"background-color":"","background-image":"","background-repeat":"repeat","background-position":"center center","background-size":"auto","background-attachment":"scroll","background-type":"","background-media":"","overlay-type":"","overlay-color":"","overlay-gradient":""},"mobile":{"background-color":"","background-image":"","background-repeat":"repeat","background-position":"center center","background-size":"auto","background-attachment":"scroll","background-type":"","background-media":"","overlay-type":"","overlay-color":"","overlay-gradient":""}},"ast-content-background-meta":{"desktop":{"background-color":"var(--ast-global-color-5)","background-image":"","background-repeat":"repeat","background-position":"center center","background-size":"auto","background-attachment":"scroll","background-type":"","background-media":"","overlay-type":"","overlay-color":"","overlay-gradient":""},"tablet":{"background-color":"var(--ast-global-color-5)","background-image":"","background-repeat":"repeat","background-position":"center center","background-size":"auto","background-attachment":"scroll","background-type":"","background-media":"","overlay-type":"","overlay-color":"","overlay-gradient":""},"mobile":{"background-color":"var(--ast-global-color-5)","background-image":"","background-repeat":"repeat","background-position":"center center","background-size":"auto","background-attachment":"scroll","background-type":"","background-media":"","overlay-type":"","overlay-color":"","overlay-gradient":""}},"footnotes":""},"class_list":["post-9","page","type-page","status-publish","has-post-thumbnail","hentry"],"acf":[],"uagb_featured_image_src":{"full":false,"thumbnail":false,"medium":false,"medium_large":false,"large":false,"1536x1536":false,"2048x2048":false},"uagb_author_info":{"display_name":"Energiter","author_link":"https:\/\/www.energiter.fr\/reference-centrale-agrivoltaique-de-donzy-58\/author\/energiter\/"},"uagb_comment_info":0,"uagb_excerpt":"Le projet de Donzy se situe \u00e0 l&#8217;Ouest de la commune, sur des parcelles exploit\u00e9es par deux exploitants agricoles et accueillant deux \u00e9levage de bovins (vaches laiti\u00e8res et allaitantes). Un projet agrivolta\u00efque a pour vocation de produire de l&#8217;\u00e9lectricit\u00e9 bas carbone, tout en pr\u00e9servant une activit\u00e9 agricole significative et p\u00e9renne sur les parcelles, et d&#8217;apporter\u2026","_links":{"self":[{"href":"https:\/\/www.energiter.fr\/reference-centrale-agrivoltaique-de-donzy-58\/wp-json\/wp\/v2\/pages\/9","targetHints":{"allow":["GET"]}}],"collection":[{"href":"https:\/\/www.energiter.fr\/reference-centrale-agrivoltaique-de-donzy-58\/wp-json\/wp\/v2\/pages"}],"about":[{"href":"https:\/\/www.energiter.fr\/reference-centrale-agrivoltaique-de-donzy-58\/wp-json\/wp\/v2\/types\/page"}],"author":[{"embeddable":true,"href":"https:\/\/www.energiter.fr\/reference-centrale-agrivoltaique-de-donzy-58\/wp-json\/wp\/v2\/users\/4"}],"replies":[{"embeddable":true,"href":"https:\/\/www.energiter.fr\/reference-centrale-agrivoltaique-de-donzy-58\/wp-json\/wp\/v2\/comments?post=9"}],"version-history":[{"count":17,"href":"https:\/\/www.energiter.fr\/reference-centrale-agrivoltaique-de-donzy-58\/wp-json\/wp\/v2\/pages\/9\/revisions"}],"predecessor-version":[{"id":94,"href":"https:\/\/www.energiter.fr\/reference-centrale-agrivoltaique-de-donzy-58\/wp-json\/wp\/v2\/pages\/9\/revisions\/94"}],"wp:featuredmedia":[{"embeddable":true,"href":"https:\/\/www.energiter.fr\/reference-centrale-agrivoltaique-de-donzy-58\/wp-json\/"}],"wp:attachment":[{"href":"https:\/\/www.energiter.fr\/reference-centrale-agrivoltaique-de-donzy-58\/wp-json\/wp\/v2\/media?parent=9"}],"curies":[{"name":"wp","href":"https:\/\/api.w.org\/{rel}","templated":true}]}}