{"id":8,"date":"2025-01-31T17:37:46","date_gmt":"2025-01-31T16:37:46","guid":{"rendered":"https:\/\/www.energiter.fr\/reference-centrale-agrivoltaique-de-mont-saint-jean\/centrale-agrivoltaique-de-mont-saint-jean\/"},"modified":"2026-04-09T16:34:50","modified_gmt":"2026-04-09T14:34:50","slug":"centrale-agrivoltaique-de-mont-saint-jean","status":"publish","type":"page","link":"https:\/\/www.energiter.fr\/reference-centrale-agrivoltaique-de-mont-saint-jean\/","title":{"rendered":"Centrale agrivolta\u00efque de Mont-Saint-Jean"},"content":{"rendered":"\n<div class=\"wp-block-uagb-container uagb-block-7b8fef2f alignfull uagb-is-root-container\"><div class=\"uagb-container-inner-blocks-wrap\">\n<div class=\"wp-block-uagb-info-box uagb-block-01f52f7e uagb-infobox__content-wrap  uagb-infobox-icon-above-title uagb-infobox-image-valign-top\" data-aos=\"fade\" data-aos-delay=\"350\" data-aos-duration=\"500\"><div class=\"uagb-ifb-content\"><div class=\"uagb-ifb-title-wrap\"><h1 class=\"uagb-ifb-title\">Centrale agrivolta\u00efque de Mont-Saint-Jean<\/h1><\/div><p class=\"uagb-ifb-desc\">\u00c0 Mont-Saint-Jean : un projet ambitieux, innovant, au service du territoire<\/p><div class=\"uagb-ifb-button-wrapper wp-block-button\"><a href=\"https:\/\/www.energiter.fr\/reference-centrale-agrivoltaique-de-mont-saint-jean\/?page_id=9\" class=\"uagb-infobox-cta-link wp-block-button__link\" target=\"_self\" rel=\"noopener noreferrer\"><span class=\"uagb-inline-editing\">Tout savoir sur le projet<\/span><\/a><\/div><\/div><\/div>\n<\/div><\/div>\n\n\n<div class=\"gb-grid-wrapper gb-grid-wrapper-e89163c1\">\n<div class=\"gb-grid-column gb-grid-column-1a828849\"><div class=\"gb-container gb-container-1a828849\">\n<div data-aos-delay=\"500\" data-aos-duration=\"600\" data-aos-once=\"true\" data-aos=\"fade\" class=\"gb-container gb-container-f4ccf4c4 shadow-hover\">\n\n<div class=\"wp-block-uagb-info-box uagb-block-cb22fa4c uagb-infobox__content-wrap  uagb-infobox-icon-above-title uagb-infobox-image-valign-top\"><div class=\"uagb-ifb-content\"><div class=\"uagb-ifb-title-wrap\"><h2 class=\"uagb-ifb-title\">9 MW<\/h2><\/div><p class=\"uagb-ifb-desc\">Puissance install\u00e9e vis\u00e9e<\/p><\/div><\/div>\n\n<\/div>\n<\/div><\/div>\n\n<div class=\"gb-grid-column gb-grid-column-92512b03\"><div class=\"gb-container gb-container-92512b03\">\n<div data-aos-delay=\"500\" data-aos-duration=\"600\" data-aos-once=\"true\" data-aos=\"fade\" class=\"gb-container gb-container-6c9d9a0a shadow-hover\">\n\n<div class=\"wp-block-uagb-info-box uagb-block-bf9b5162 uagb-infobox__content-wrap  uagb-infobox-icon-above-title uagb-infobox-image-valign-top\"><div class=\"uagb-ifb-content\"><div class=\"uagb-ifb-title-wrap\"><h2 class=\"uagb-ifb-title\">10,9 GW\/an<\/h2><\/div><p class=\"uagb-ifb-desc\">Energie renouvelable produite<\/p><\/div><\/div>\n\n<\/div>\n<\/div><\/div>\n\n<div class=\"gb-grid-column gb-grid-column-23fc1fdc\"><div class=\"gb-container gb-container-23fc1fdc\">\n<div data-aos-delay=\"500\" data-aos-duration=\"600\" data-aos-once=\"true\" data-aos=\"fade\" class=\"gb-container gb-container-93fef467 shadow-hover\">\n\n<div class=\"wp-block-uagb-info-box uagb-block-76a81ec9 uagb-infobox__content-wrap  uagb-infobox-icon-above-title uagb-infobox-image-valign-top\"><div class=\"uagb-ifb-content\"><div class=\"uagb-ifb-title-wrap\"><h2 class=\"uagb-ifb-title\">4 ha<\/h2><\/div><p class=\"uagb-ifb-desc\">Surface de panneau<\/p><\/div><\/div>\n\n<\/div>\n<\/div><\/div>\n<\/div>\n\n\n<div style=\"height:60px\" aria-hidden=\"true\" class=\"wp-block-spacer\"><\/div>\n\n\n<div class=\"gb-grid-wrapper gb-grid-wrapper-6f2f4ae6\">\n<div class=\"gb-grid-column gb-grid-column-2d856a03\"><div class=\"gb-container gb-container-2d856a03\">\n<div class=\"gb-container gb-container-19c2413c\">\n\n<h2 class=\"wp-block-heading\">Am\u00e9liorer l&#8217;environnement mondial en favorisant le d\u00e9veloppement local<\/h2>\n\n<\/div>\n<\/div><\/div>\n\n<div class=\"gb-grid-column gb-grid-column-30411aa4\"><div class=\"gb-container gb-container-30411aa4\">\n<div class=\"gb-container gb-container-affb9d5e\">\n\n<div class=\"wp-block-buttons is-layout-flex wp-block-buttons-is-layout-flex\">\n<div class=\"wp-block-button\"><a class=\"wp-block-button__link has-text-align-center wp-element-button\" href=\"http:\/\/www.energiter.fr\" target=\"_blank\" rel=\"noreferrer noopener\">Energiter, porteur du projet agrivolta\u00efque de Mont-Saint-Jean<\/a><\/div>\n<\/div>\n\n<\/div>\n<\/div><\/div>\n<\/div>\n\n\n<div style=\"height:100px\" aria-hidden=\"true\" class=\"wp-block-spacer\"><\/div>\n\n\n<div class=\"gb-container gb-container-85963004\">\n<div class=\"gb-container gb-container-9baeee32\">\n<div class=\"gb-container gb-container-e9640e67\">\n<div class=\"gb-container gb-container-a2321ba0\">\n<div class=\"gb-container gb-container-1668d8ce\">\n\n<h3 class=\"wp-block-heading has-white-color has-text-color has-link-color wp-elements-f11c88cdf4b2d865b7255e6011192113\">La concertation<\/h3>\n\n<\/div>\n<\/div>\n\n\n<div style=\"height:34px\" aria-hidden=\"true\" class=\"wp-block-spacer\"><\/div>\n\n<\/div>\n\n\n<div class=\"wp-block-buttons is-layout-flex wp-block-buttons-is-layout-flex\">\n<div class=\"wp-block-button\"><a class=\"wp-block-button__link wp-element-button\" href=\"https:\/\/www.energiter.fr\/reference-centrale-agrivoltaique-de-mont-saint-jean\/?page_id=11\">Pourquoi et comment concerter ?<\/a><\/div>\n<\/div>\n\n<\/div>\n<\/div>\n\n\n<div style=\"height:83px\" aria-hidden=\"true\" class=\"wp-block-spacer\"><\/div>\n\n\n\n<div class=\"wp-block-uagb-container uagb-block-9c4303b3 alignfull uagb-is-root-container\"><div class=\"uagb-container-inner-blocks-wrap\">\n<div class=\"wp-block-uagb-container uagb-block-e8672428\"><div data-aos-delay=\"500\" data-aos-duration=\"600\" data-aos-once=\"true\" data-aos=\"fade\" class=\"gb-container gb-container-e9040470 shadow-hover\"><\/div><\/div>\n\n\n\n<div class=\"wp-block-uagb-container uagb-block-1c2583c9\"><div class=\"gb-container gb-container-5ee83e26\">\n\n<h2 class=\"wp-block-heading\">La localisation du projet agrivolta\u00efque<\/h2>\n\n\n<div class=\"gb-container gb-container-6b003866\">\n<div class=\"gb-container gb-container-b529d66f\">\n\n<p>Le projet est situ\u00e9 \u00e0 La Peti\u00e8re, au nord de Mont-Saint-Jean. La zone d\u2019\u00e9tude couvre 28,9 ha, pour un projet dont la puissance estim\u00e9e serait \u00e9quivalente \u00e0 la consommation de plus de 3 400 foyers.<\/p>\n\n\n\n<div style=\"height:63px\" aria-hidden=\"true\" class=\"wp-block-spacer\"><\/div>\n\n\n\n<div class=\"wp-block-buttons is-layout-flex wp-block-buttons-is-layout-flex\">\n<div class=\"wp-block-button\"><a class=\"wp-block-button__link wp-element-button\" href=\"https:\/\/www.energiter.fr\/reference-centrale-agrivoltaique-de-mont-saint-jean\/?page_id=9\">Tout savoir sur le projet<\/a><\/div>\n<\/div>\n\n<\/div>\n<\/div>\n<\/div><\/div>\n<\/div><\/div>\n\n\n\n<div style=\"height:68px\" aria-hidden=\"true\" class=\"wp-block-spacer\"><\/div>\n\n\n\n<h2 class=\"wp-block-heading\">Actualit\u00e9s<\/h2>\n\n\n\n<div style=\"height:30px\" aria-hidden=\"true\" class=\"wp-block-spacer\"><\/div>\n\n\n<div class=\"gb-container gb-container-1cc80129\">\n\n<div class=\"wp-block-uagb-buttons uagb-buttons__outer-wrap uagb-btn__default-btn uagb-btn-tablet__default-btn uagb-btn-mobile__default-btn uagb-block-bcdcb32e\"><div class=\"uagb-buttons__wrap uagb-buttons-layout-wrap \">\n<div class=\"wp-block-uagb-buttons-child uagb-buttons__outer-wrap uagb-block-06c2d19e wp-block-button\"><div class=\"uagb-button__wrapper\"><a class=\"uagb-buttons-repeater wp-block-button__link\" aria-label=\"\" href=\"#\" rel=\"follow noopener\" target=\"_self\" role=\"button\"><div class=\"uagb-button__link\">10 juillet 2025<\/div><\/a><\/div><\/div>\n<\/div><\/div>\n\n\n\n<div style=\"height:20px\" aria-hidden=\"true\" class=\"wp-block-spacer\"><\/div>\n\n\n\n<h3 class=\"wp-block-heading\">Comit\u00e9 de projet<\/h3>\n\n\n\n<div style=\"height:15px\" aria-hidden=\"true\" class=\"wp-block-spacer\"><\/div>\n\n\n\n<p>En application de la loi d\u2019Acc\u00e9l\u00e9ration de la Production d\u2019Energies Renouvelables (APER), un comit\u00e9 de projet s&#8217;est tenu sur la commune de Mont-Saint-Jean le 10 juillet dernier. L&#8217;objectif de cette r\u00e9union est d&#8217;apporter au comit\u00e9 de projet des \u00e9l\u00e9ments communicationnels au sujet des aspects techniques, agricoles, socio-\u00e9conomiques et environnementaux du futur projet agrivolta\u00efque.<\/p>\n\n\n\n<p>Merci \u00e0 tous les participants d\u2019\u00eatre venu \u00e9changer avec les porteurs du projet !&nbsp;<\/p>\n\n\n\n<div style=\"height:10px\" aria-hidden=\"true\" class=\"wp-block-spacer\"><\/div>\n\n\n\n<div style=\"height:10px\" aria-hidden=\"true\" class=\"wp-block-spacer\"><\/div>\n\n\n\n<div class=\"wp-block-buttons is-content-justification-center is-layout-flex wp-container-core-buttons-is-layout-a89b3969 wp-block-buttons-is-layout-flex\">\n<div class=\"wp-block-button has-custom-width wp-block-button__width-50\"><a class=\"wp-block-button__link wp-element-button\" href=\"https:\/\/acrobat.adobe.com\/id\/urn:aaid:sc:eu:02e3caef-4d7b-4123-b662-8f2b1572ad57\" target=\"_blank\" rel=\"noreferrer noopener\">Support de pr\u00e9sentation du comit\u00e9 de projet<\/a><\/div>\n<\/div>\n\n\n\n<div style=\"height:15px\" aria-hidden=\"true\" class=\"wp-block-spacer\"><\/div>\n\n\n\n<p>Pour retrouver les \u00e9changes qui ont eu lieu, vous pouvez lire le compte-rendu ici :<\/p>\n\n\n\n<div style=\"height:10px\" aria-hidden=\"true\" class=\"wp-block-spacer\"><\/div>\n\n\n\n<div class=\"wp-block-buttons is-content-justification-center is-layout-flex wp-container-core-buttons-is-layout-a89b3969 wp-block-buttons-is-layout-flex\">\n<div class=\"wp-block-button has-custom-width wp-block-button__width-50\"><a class=\"wp-block-button__link has-text-align-center wp-element-button\" href=\"https:\/\/www.energiter.fr\/reference-centrale-agrivoltaique-de-mont-saint-jean\/wp-content\/uploads\/sites\/23\/2026\/04\/CR_ComiteDeProjet_MSJ_compressed.pdf\" target=\"_blank\" rel=\"noreferrer noopener\">Compte-rendu du comit\u00e9 de projet<\/a><\/div>\n<\/div>\n\n\n\n<div style=\"height:30px\" aria-hidden=\"true\" class=\"wp-block-spacer\"><\/div>\n\n<\/div>\n\n\n<div class=\"wp-block-uagb-container uagb-block-7f76fc66 alignfull uagb-is-root-container\"><div class=\"uagb-container-inner-blocks-wrap\">\n<div class=\"wp-block-uagb-container uagb-block-d3b10c45\"><\/div>\n\n\n\n<div class=\"wp-block-uagb-container uagb-block-70dcfc19\"><\/div>\n\n\n\n<div class=\"wp-block-uagb-container uagb-block-33c67f9a\"><\/div>\n<\/div><\/div>\n\n\n\n<div class=\"wp-block-uagb-container uagb-block-af29e251 alignfull uagb-is-root-container\"><div class=\"uagb-container-inner-blocks-wrap\"><div class=\"gb-container gb-container-942b0580\">\n\n<h2 class=\"wp-block-heading has-ast-global-color-5-color has-text-color\"><strong>\u00c0 venir<\/strong><\/h2>\n\n\n\n<p class=\"has-ast-global-color-5-color has-text-color\">Septembre\/Octobre 2025<\/p>\n\n\n\n<p class=\"has-ast-global-color-5-color has-text-color\">Pr\u00e9sentation des photomontages aux riverains<\/p>\n\n<\/div><\/div><\/div>\n\n\n\n<p><\/p>\n","protected":false},"excerpt":{"rendered":"<p>La concertation La localisation du projet agrivolta\u00efque Le projet est situ\u00e9 \u00e0 La Peti\u00e8re, au nord de Mont-Saint-Jean. La zone d\u2019\u00e9tude couvre 28,9 ha, pour un projet dont la puissance estim\u00e9e serait \u00e9quivalente \u00e0 la consommation de plus de 3 400 foyers. Actualit\u00e9s Comit\u00e9 de projet En application de la loi d\u2019Acc\u00e9l\u00e9ration de la Production [&hellip;]<\/p>\n","protected":false},"author":4,"featured_media":108,"parent":0,"menu_order":0,"comment_status":"closed","ping_status":"closed","template":"","meta":{"_uag_custom_page_level_css":"","site-sidebar-layout":"default","site-content-layout":"","ast-site-content-layout":"default","site-content-style":"default","site-sidebar-style":"default","ast-global-header-display":"","ast-banner-title-visibility":"","ast-main-header-display":"","ast-hfb-above-header-display":"","ast-hfb-below-header-display":"","ast-hfb-mobile-header-display":"","site-post-title":"disabled","ast-breadcrumbs-content":"","ast-featured-img":"","footer-sml-layout":"","theme-transparent-header-meta":"","adv-header-id-meta":"","stick-header-meta":"","header-above-stick-meta":"","header-main-stick-meta":"","header-below-stick-meta":"","astra-migrate-meta-layouts":"set","ast-page-background-enabled":"default","ast-page-background-meta":{"desktop":{"background-color":"var(--ast-global-color-4)","background-image":"","background-repeat":"repeat","background-position":"center center","background-size":"auto","background-attachment":"scroll","background-type":"","background-media":"","overlay-type":"","overlay-color":"","overlay-gradient":""},"tablet":{"background-color":"","background-image":"","background-repeat":"repeat","background-position":"center center","background-size":"auto","background-attachment":"scroll","background-type":"","background-media":"","overlay-type":"","overlay-color":"","overlay-gradient":""},"mobile":{"background-color":"","background-image":"","background-repeat":"repeat","background-position":"center center","background-size":"auto","background-attachment":"scroll","background-type":"","background-media":"","overlay-type":"","overlay-color":"","overlay-gradient":""}},"ast-content-background-meta":{"desktop":{"background-color":"var(--ast-global-color-5)","background-image":"","background-repeat":"repeat","background-position":"center center","background-size":"auto","background-attachment":"scroll","background-type":"","background-media":"","overlay-type":"","overlay-color":"","overlay-gradient":""},"tablet":{"background-color":"var(--ast-global-color-5)","background-image":"","background-repeat":"repeat","background-position":"center center","background-size":"auto","background-attachment":"scroll","background-type":"","background-media":"","overlay-type":"","overlay-color":"","overlay-gradient":""},"mobile":{"background-color":"var(--ast-global-color-5)","background-image":"","background-repeat":"repeat","background-position":"center center","background-size":"auto","background-attachment":"scroll","background-type":"","background-media":"","overlay-type":"","overlay-color":"","overlay-gradient":""}},"footnotes":""},"class_list":["post-8","page","type-page","status-publish","has-post-thumbnail","hentry"],"uagb_featured_image_src":{"full":["https:\/\/www.energiter.fr\/reference-centrale-agrivoltaique-de-mont-saint-jean\/wp-content\/uploads\/sites\/23\/2025\/08\/Photomontage-bovin-compressed-scaled.jpg",2560,883,false],"thumbnail":["https:\/\/www.energiter.fr\/reference-centrale-agrivoltaique-de-mont-saint-jean\/wp-content\/uploads\/sites\/23\/2025\/08\/Photomontage-bovin-compressed-150x150.jpg",150,150,true],"medium":["https:\/\/www.energiter.fr\/reference-centrale-agrivoltaique-de-mont-saint-jean\/wp-content\/uploads\/sites\/23\/2025\/08\/Photomontage-bovin-compressed-300x103.jpg",300,103,true],"medium_large":["https:\/\/www.energiter.fr\/reference-centrale-agrivoltaique-de-mont-saint-jean\/wp-content\/uploads\/sites\/23\/2025\/08\/Photomontage-bovin-compressed-768x265.jpg",768,265,true],"large":["https:\/\/www.energiter.fr\/reference-centrale-agrivoltaique-de-mont-saint-jean\/wp-content\/uploads\/sites\/23\/2025\/08\/Photomontage-bovin-compressed-1024x353.jpg",1024,353,true],"1536x1536":["https:\/\/www.energiter.fr\/reference-centrale-agrivoltaique-de-mont-saint-jean\/wp-content\/uploads\/sites\/23\/2025\/08\/Photomontage-bovin-compressed-1536x530.jpg",1536,530,true],"2048x2048":["https:\/\/www.energiter.fr\/reference-centrale-agrivoltaique-de-mont-saint-jean\/wp-content\/uploads\/sites\/23\/2025\/08\/Photomontage-bovin-compressed-2048x706.jpg",2048,706,true]},"uagb_author_info":{"display_name":"Energiter","author_link":"https:\/\/www.energiter.fr\/reference-centrale-agrivoltaique-de-mont-saint-jean\/author\/energiter\/"},"uagb_comment_info":0,"uagb_excerpt":"La concertation La localisation du projet agrivolta\u00efque Le projet est situ\u00e9 \u00e0 La Peti\u00e8re, au nord de Mont-Saint-Jean. La zone d\u2019\u00e9tude couvre 28,9 ha, pour un projet dont la puissance estim\u00e9e serait \u00e9quivalente \u00e0 la consommation de plus de 3 400 foyers. Actualit\u00e9s Comit\u00e9 de projet En application de la loi d\u2019Acc\u00e9l\u00e9ration de la Production\u2026","_links":{"self":[{"href":"https:\/\/www.energiter.fr\/reference-centrale-agrivoltaique-de-mont-saint-jean\/wp-json\/wp\/v2\/pages\/8","targetHints":{"allow":["GET"]}}],"collection":[{"href":"https:\/\/www.energiter.fr\/reference-centrale-agrivoltaique-de-mont-saint-jean\/wp-json\/wp\/v2\/pages"}],"about":[{"href":"https:\/\/www.energiter.fr\/reference-centrale-agrivoltaique-de-mont-saint-jean\/wp-json\/wp\/v2\/types\/page"}],"author":[{"embeddable":true,"href":"https:\/\/www.energiter.fr\/reference-centrale-agrivoltaique-de-mont-saint-jean\/wp-json\/wp\/v2\/users\/4"}],"replies":[{"embeddable":true,"href":"https:\/\/www.energiter.fr\/reference-centrale-agrivoltaique-de-mont-saint-jean\/wp-json\/wp\/v2\/comments?post=8"}],"version-history":[{"count":30,"href":"https:\/\/www.energiter.fr\/reference-centrale-agrivoltaique-de-mont-saint-jean\/wp-json\/wp\/v2\/pages\/8\/revisions"}],"predecessor-version":[{"id":166,"href":"https:\/\/www.energiter.fr\/reference-centrale-agrivoltaique-de-mont-saint-jean\/wp-json\/wp\/v2\/pages\/8\/revisions\/166"}],"wp:featuredmedia":[{"embeddable":true,"href":"https:\/\/www.energiter.fr\/reference-centrale-agrivoltaique-de-mont-saint-jean\/wp-json\/wp\/v2\/media\/108"}],"wp:attachment":[{"href":"https:\/\/www.energiter.fr\/reference-centrale-agrivoltaique-de-mont-saint-jean\/wp-json\/wp\/v2\/media?parent=8"}],"curies":[{"name":"wp","href":"https:\/\/api.w.org\/{rel}","templated":true}]}}