{"id":11,"date":"2025-01-17T15:22:28","date_gmt":"2025-01-17T14:22:28","guid":{"rendered":"https:\/\/www.energiter.fr\/reference-centrale-agrivoltaique-de-parigne-leveque\/le-projet\/"},"modified":"2025-05-21T17:18:38","modified_gmt":"2025-05-21T15:18:38","slug":"la-concertation","status":"publish","type":"page","link":"https:\/\/www.energiter.fr\/reference-centrale-agrivoltaique-de-parigne-leveque\/la-concertation\/","title":{"rendered":"La concertation"},"content":{"rendered":"\n<div class=\"wp-block-uagb-container uagb-block-7b8fef2f alignfull uagb-is-root-container\"><div class=\"uagb-container-inner-blocks-wrap\">\n<div class=\"wp-block-uagb-info-box uagb-block-01f52f7e uagb-infobox__content-wrap  uagb-infobox-icon-above-title uagb-infobox-image-valign-top\" data-aos=\"fade\" data-aos-delay=\"350\" data-aos-duration=\"500\"><div class=\"uagb-ifb-content\"><div class=\"uagb-ifb-title-wrap\"><h1 class=\"uagb-ifb-title\">La concertation<\/h1><\/div><\/div><\/div>\n<\/div><\/div>\n\n\n\n<div style=\"height:60px\" aria-hidden=\"true\" class=\"wp-block-spacer\"><\/div>\n\n\n\n<h2 class=\"wp-block-heading\">Pourquoi concerter le territoire ?<\/h2>\n\n\n\n<p><\/p>\n\n\n\n<p>Afin d\u2019identifier les attentes du territoire et d\u2019associer la collectivit\u00e9, Energiter a d\u00e9cid\u00e9 de mettre en place une d\u00e9marche de concertation volontaire pendant tout le d\u00e9veloppement du projet.<\/p>\n\n\n\n<p>Le projet agrivolta\u00efque de Parign\u00e9-l\u2019Ev\u00eaque \u00e9tant un v\u00e9ritable projet collectif local, Energiter souhaite g\u00e9n\u00e9rer de r\u00e9elles perspectives sociales, \u00e9conomiques et environnementales pour son territoire.<\/p>\n\n\n\n<div style=\"height:25px\" aria-hidden=\"true\" class=\"wp-block-spacer\"><\/div>\n\n\n\n<div class=\"wp-block-uagb-container uagb-block-356e2696 alignfull uagb-is-root-container\"><div class=\"uagb-container-inner-blocks-wrap\">\n<div class=\"wp-block-uagb-container uagb-block-d81d3838\">\n<div class=\"wp-block-uagb-image aligncenter uagb-block-dbbcd763 wp-block-uagb-image--layout-default wp-block-uagb-image--effect-zoomin wp-block-uagb-image--align-center\"><figure class=\"wp-block-uagb-image__figure\"><img decoding=\"async\" src=\"https:\/\/www.energiter.fr\/reference-centrale-agrivoltaique-de-parigne-leveque\/wp-content\/uploads\/sites\/22\/2025\/01\/photo_6-1-scaled-1-1024x768.jpg\" alt=\"photographie d'un groupe d'individus visitant une centrale photovolta\u00efque. Ils d\u00e9ambulent entre les rang\u00e9es de panneaux.\" class=\"uag-image-70\" width=\"359\" height=\"250\" title=\"Visite centrale solaire Goussaincourt.\" loading=\"lazy\" \/><\/figure><\/div>\n<\/div>\n\n\n\n<div class=\"wp-block-uagb-container uagb-block-118a6b3b\"><div class=\"gb-container gb-container-8054037d\">\n<div class=\"gb-container gb-container-7029df20\">\n<div class=\"gb-container gb-container-961fe37f\">\n\n<h3 class=\"wp-block-heading\">Les objectifs de notre d\u00e9marche<\/h3>\n\n\n\n<div style=\"height:10px\" aria-hidden=\"true\" class=\"wp-block-spacer\"><\/div>\n\n\n\n<p>Tout au long de la concertation autour du projet agrivolta\u00efque, les objectifs seront les suivants :<\/p>\n\n\n\n<div style=\"height:15px\" aria-hidden=\"true\" class=\"wp-block-spacer\"><\/div>\n\n\n\n<ul class=\"wp-block-list\">\n<li>Vous informer des nouveaut\u00e9s concernant le projet ;<\/li>\n\n\n\n<li>Organiser des \u00e9v\u00e9nements durant lesquels vous pourrez partager vos attentes et vos propositions pour am\u00e9liorer le projet&nbsp; ;<\/li>\n\n\n\n<li>Contribuer \u00e0 la d\u00e9marche de co-construction propos\u00e9e par Energiter.<\/li>\n<\/ul>\n\n<\/div>\n<\/div>\n<\/div><\/div>\n<\/div><\/div>\n\n\n\n<div style=\"height:30px\" aria-hidden=\"true\" class=\"wp-block-spacer\"><\/div>\n\n\n<div class=\"gb-container gb-container-942b0580\">\n\n<p class=\"has-ast-global-color-5-color has-text-color\">\u00c0 travers cette d\u00e9marche, nous souhaitons mobiliser l\u2019ensemble des parties prenantes concern\u00e9es par ce projet de territoire (\u00e9lus, associations, mais aussi les Parign\u00e9ennes et Parign\u00e9ens) afin d\u2019enrichir le projet solaire agrivolta\u00efque avec les id\u00e9es de chacun.&nbsp;<\/p>\n\n\n\n<div style=\"height:24px\" aria-hidden=\"true\" class=\"wp-block-spacer\"><\/div>\n\n<\/div>\n\n\n<div style=\"height:30px\" aria-hidden=\"true\" class=\"wp-block-spacer\"><\/div>\n\n\n\n<h2 class=\"wp-block-heading\">Ce que nous mettons \u00e0 votre disposition<\/h2>\n\n\n\n<div style=\"height:30px\" aria-hidden=\"true\" class=\"wp-block-spacer\"><\/div>\n\n\n\n<h3 class=\"wp-block-heading\">Le calendrier des \u00e9v\u00e9nements<\/h3>\n\n\n\n<div style=\"height:15px\" aria-hidden=\"true\" class=\"wp-block-spacer\"><\/div>\n\n\n\n<p>Jusqu\u2019\u00e0 la mise en service du parc solaire agrivolta\u00efque de Parign\u00e9-l\u2019Ev\u00eaque, plusieurs \u00e9v\u00e9nements destin\u00e9s aux habitants du territoire auront lieu.<\/p>\n\n\n\n<p>Lors de ces \u00e9v\u00e9nements, nous vous informerons de l\u2019avancement du projet agrivolta\u00efque et nous travaillerons sur des aspects sp\u00e9cifiques du projet. Les \u00e9v\u00e9nements seront tous diff\u00e9rents et traiteront de sujets sp\u00e9cifiques.&nbsp;<\/p>\n\n\n\n<div style=\"height:15px\" aria-hidden=\"true\" class=\"wp-block-spacer\"><\/div>\n\n\n\n<p><em>Retrouvez ce calendrier sur la page <a href=\"https:\/\/www.energiter.fr\/reference-centrale-agrivoltaique-de-parigne-leveque\/le-projet\/\">le projet<\/a><\/em><\/p>\n\n\n\n<div style=\"height:50px\" aria-hidden=\"true\" class=\"wp-block-spacer\"><\/div>\n\n\n\n<h3 class=\"wp-block-heading\">La documentation<\/h3>\n\n\n\n<div style=\"height:15px\" aria-hidden=\"true\" class=\"wp-block-spacer\"><\/div>\n\n\n\n<p>Vous retrouverez ici tous les documents des diff\u00e9rents rendez-vous de la concertation :<br>Compte-rendu, support de pr\u00e9sentation, etc\u2026<\/p>\n\n\n\n<div style=\"height:30px\" aria-hidden=\"true\" class=\"wp-block-spacer\"><\/div>\n\n\n\n<h5 class=\"wp-block-heading\">Les comptes rendus<\/h5>\n\n\n<div class=\"gb-container gb-container-c11b05d4\">\n<div class=\"gb-grid-wrapper gb-grid-wrapper-369e9647\">\n<div class=\"gb-grid-column gb-grid-column-749f9f92\"><div class=\"gb-container gb-container-749f9f92\">\n\n<div class=\"wp-block-buttons is-layout-flex wp-block-buttons-is-layout-flex\">\n<div class=\"wp-block-button has-custom-width wp-block-button__width-100\"><a class=\"wp-block-button__link wp-element-button\" href=\"https:\/\/www.energiter.fr\/reference-centrale-agrivoltaique-de-parigne-leveque\/wp-content\/uploads\/sites\/22\/2025\/01\/241105_CR_FORUM_ENERGITER_PLE_VDef_compressed.pdf\" target=\"_blank\" rel=\"noreferrer noopener\">Compte-rendu du Forum d\u2019information<\/a><\/div>\n<\/div>\n\n<\/div><\/div>\n\n<div class=\"gb-grid-column gb-grid-column-669b2857\"><div class=\"gb-container gb-container-669b2857\"><\/div><\/div>\n\n<div class=\"gb-grid-column gb-grid-column-549d4cb6\"><div class=\"gb-container gb-container-549d4cb6\"><\/div><\/div>\n<\/div>\n\n\n<div style=\"height:30px\" aria-hidden=\"true\" class=\"wp-block-spacer\"><\/div>\n\n\n\n<h5 class=\"wp-block-heading\">Les supports de pr\u00e9sentation<\/h5>\n\n\n<div class=\"gb-container gb-container-aa90431f\">\n<div class=\"gb-grid-wrapper gb-grid-wrapper-4550dbe3\">\n<div class=\"gb-grid-column gb-grid-column-7f41fa8e\"><div class=\"gb-container gb-container-7f41fa8e\">\n\n<div class=\"wp-block-buttons is-layout-flex wp-block-buttons-is-layout-flex\">\n<div class=\"wp-block-button has-custom-width wp-block-button__width-100\"><a class=\"wp-block-button__link wp-element-button\" href=\"https:\/\/www.energiter.fr\/reference-centrale-agrivoltaique-de-parigne-leveque\/wp-content\/uploads\/sites\/22\/2025\/01\/roll_up_energiter_231024-VDEF-2.pdf\" target=\"_blank\" rel=\"noreferrer noopener\">Affiches du forum d&#8217;information<\/a><\/div>\n<\/div>\n\n<\/div><\/div>\n\n<div class=\"gb-grid-column gb-grid-column-fa607624\"><div class=\"gb-container gb-container-fa607624\"><\/div><\/div>\n\n<div class=\"gb-grid-column gb-grid-column-66f8c7cf\"><div class=\"gb-container gb-container-66f8c7cf\"><\/div><\/div>\n<\/div>\n\n\n<div style=\"height:30px\" aria-hidden=\"true\" class=\"wp-block-spacer\"><\/div>\n\n\n\n<h5 class=\"wp-block-heading\">Lettres d&#8217;information<\/h5>\n\n\n<div class=\"gb-container gb-container-360779d5\">\n<div class=\"gb-grid-wrapper gb-grid-wrapper-dd15d76d\">\n<div class=\"gb-grid-column gb-grid-column-cdb8c5ac\"><div class=\"gb-container gb-container-cdb8c5ac\">\n\n<div class=\"wp-block-buttons is-layout-flex wp-block-buttons-is-layout-flex\">\n<div class=\"wp-block-button has-custom-width wp-block-button__width-100\"><a class=\"wp-block-button__link wp-element-button\" href=\"https:\/\/www.energiter.fr\/reference-centrale-agrivoltaique-de-parigne-leveque\/wp-content\/uploads\/sites\/22\/2025\/01\/Energiter_Parigne-lEveque_LI-1DEF.pdf\" target=\"_blank\" rel=\"noreferrer noopener\">Lettre d&#8217;information n\u00b01<\/a><\/div>\n<\/div>\n\n<\/div><\/div>\n\n<div class=\"gb-grid-column gb-grid-column-80653457\"><div class=\"gb-container gb-container-80653457\">\n\n<div class=\"wp-block-buttons is-layout-flex wp-block-buttons-is-layout-flex\">\n<div class=\"wp-block-button has-custom-width wp-block-button__width-100\"><a class=\"wp-block-button__link wp-element-button\" href=\"https:\/\/www.energiter.fr\/reference-centrale-agrivoltaique-de-parigne-leveque\/wp-content\/uploads\/sites\/22\/2025\/01\/LI_2_Projet-agrivoltaique-de-Parigne-lEveque-VDEF.pdf\" target=\"_blank\" rel=\"noreferrer noopener\">Lettre d&#8217;information n\u00b02<\/a><\/div>\n<\/div>\n\n<\/div><\/div>\n\n<div class=\"gb-grid-column gb-grid-column-705e1069\"><div class=\"gb-container gb-container-705e1069\"><\/div><\/div>\n<\/div>\n\n\n<div style=\"height:30px\" aria-hidden=\"true\" class=\"wp-block-spacer\"><\/div>\n\n<\/div>\n<\/div>\n<\/div>","protected":false},"excerpt":{"rendered":"<p>Pourquoi concerter le territoire ? Afin d\u2019identifier les attentes du territoire et d\u2019associer la collectivit\u00e9, Energiter a d\u00e9cid\u00e9 de mettre en place une d\u00e9marche de concertation volontaire pendant tout le d\u00e9veloppement du projet. Le projet agrivolta\u00efque de Parign\u00e9-l\u2019Ev\u00eaque \u00e9tant un v\u00e9ritable projet collectif local, Energiter souhaite g\u00e9n\u00e9rer de r\u00e9elles perspectives sociales, \u00e9conomiques et environnementales pour [&hellip;]<\/p>\n","protected":false},"author":4,"featured_media":3197,"parent":0,"menu_order":0,"comment_status":"closed","ping_status":"closed","template":"","meta":{"_uag_custom_page_level_css":"","site-sidebar-layout":"default","site-content-layout":"","ast-site-content-layout":"default","site-content-style":"default","site-sidebar-style":"default","ast-global-header-display":"","ast-banner-title-visibility":"","ast-main-header-display":"","ast-hfb-above-header-display":"","ast-hfb-below-header-display":"","ast-hfb-mobile-header-display":"","site-post-title":"disabled","ast-breadcrumbs-content":"","ast-featured-img":"","footer-sml-layout":"","theme-transparent-header-meta":"","adv-header-id-meta":"","stick-header-meta":"","header-above-stick-meta":"","header-main-stick-meta":"","header-below-stick-meta":"","astra-migrate-meta-layouts":"set","ast-page-background-enabled":"default","ast-page-background-meta":{"desktop":{"background-color":"var(--ast-global-color-4)","background-image":"","background-repeat":"repeat","background-position":"center center","background-size":"auto","background-attachment":"scroll","background-type":"","background-media":"","overlay-type":"","overlay-color":"","overlay-gradient":""},"tablet":{"background-color":"","background-image":"","background-repeat":"repeat","background-position":"center center","background-size":"auto","background-attachment":"scroll","background-type":"","background-media":"","overlay-type":"","overlay-color":"","overlay-gradient":""},"mobile":{"background-color":"","background-image":"","background-repeat":"repeat","background-position":"center center","background-size":"auto","background-attachment":"scroll","background-type":"","background-media":"","overlay-type":"","overlay-color":"","overlay-gradient":""}},"ast-content-background-meta":{"desktop":{"background-color":"var(--ast-global-color-5)","background-image":"","background-repeat":"repeat","background-position":"center center","background-size":"auto","background-attachment":"scroll","background-type":"","background-media":"","overlay-type":"","overlay-color":"","overlay-gradient":""},"tablet":{"background-color":"var(--ast-global-color-5)","background-image":"","background-repeat":"repeat","background-position":"center center","background-size":"auto","background-attachment":"scroll","background-type":"","background-media":"","overlay-type":"","overlay-color":"","overlay-gradient":""},"mobile":{"background-color":"var(--ast-global-color-5)","background-image":"","background-repeat":"repeat","background-position":"center center","background-size":"auto","background-attachment":"scroll","background-type":"","background-media":"","overlay-type":"","overlay-color":"","overlay-gradient":""}},"footnotes":""},"class_list":["post-11","page","type-page","status-publish","has-post-thumbnail","hentry"],"uagb_featured_image_src":{"full":false,"thumbnail":false,"medium":false,"medium_large":false,"large":false,"1536x1536":false,"2048x2048":false},"uagb_author_info":{"display_name":"Energiter","author_link":"https:\/\/www.energiter.fr\/reference-centrale-agrivoltaique-de-parigne-leveque\/author\/energiter\/"},"uagb_comment_info":0,"uagb_excerpt":"Pourquoi concerter le territoire ? Afin d\u2019identifier les attentes du territoire et d\u2019associer la collectivit\u00e9, Energiter a d\u00e9cid\u00e9 de mettre en place une d\u00e9marche de concertation volontaire pendant tout le d\u00e9veloppement du projet. Le projet agrivolta\u00efque de Parign\u00e9-l\u2019Ev\u00eaque \u00e9tant un v\u00e9ritable projet collectif local, Energiter souhaite g\u00e9n\u00e9rer de r\u00e9elles perspectives sociales, \u00e9conomiques et environnementales pour\u2026","_links":{"self":[{"href":"https:\/\/www.energiter.fr\/reference-centrale-agrivoltaique-de-parigne-leveque\/wp-json\/wp\/v2\/pages\/11","targetHints":{"allow":["GET"]}}],"collection":[{"href":"https:\/\/www.energiter.fr\/reference-centrale-agrivoltaique-de-parigne-leveque\/wp-json\/wp\/v2\/pages"}],"about":[{"href":"https:\/\/www.energiter.fr\/reference-centrale-agrivoltaique-de-parigne-leveque\/wp-json\/wp\/v2\/types\/page"}],"author":[{"embeddable":true,"href":"https:\/\/www.energiter.fr\/reference-centrale-agrivoltaique-de-parigne-leveque\/wp-json\/wp\/v2\/users\/4"}],"replies":[{"embeddable":true,"href":"https:\/\/www.energiter.fr\/reference-centrale-agrivoltaique-de-parigne-leveque\/wp-json\/wp\/v2\/comments?post=11"}],"version-history":[{"count":32,"href":"https:\/\/www.energiter.fr\/reference-centrale-agrivoltaique-de-parigne-leveque\/wp-json\/wp\/v2\/pages\/11\/revisions"}],"predecessor-version":[{"id":198,"href":"https:\/\/www.energiter.fr\/reference-centrale-agrivoltaique-de-parigne-leveque\/wp-json\/wp\/v2\/pages\/11\/revisions\/198"}],"wp:featuredmedia":[{"embeddable":true,"href":"https:\/\/www.energiter.fr\/reference-centrale-agrivoltaique-de-parigne-leveque\/wp-json\/"}],"wp:attachment":[{"href":"https:\/\/www.energiter.fr\/reference-centrale-agrivoltaique-de-parigne-leveque\/wp-json\/wp\/v2\/media?parent=11"}],"curies":[{"name":"wp","href":"https:\/\/api.w.org\/{rel}","templated":true}]}}